{"id":782,"date":"2020-11-26T11:51:42","date_gmt":"2020-11-26T10:51:42","guid":{"rendered":"https:\/\/www.coach-in-wien.at\/shop\/?post_type=product&#038;p=782"},"modified":"2024-01-02T10:13:10","modified_gmt":"2024-01-02T09:13:10","slug":"coaching-kummer-nummer","status":"publish","type":"product","link":"https:\/\/www.coach-in-wien.at\/shop\/produkt\/coaching-kummer-nummer\/","title":{"rendered":"Coaching-Kummer-Nummer 1h"},"content":{"rendered":"<p style=\"text-align: justify;\">Manchmal ist es wichtig, jemanden zu haben, der ein offenes Ohr f\u00fcr die eigenen Probleme hat, der zuh\u00f6rt und konstruktive Hilfestellung anbieten kann.<\/p>\n<p style=\"text-align: justify;\">Oftmals ist es hilfreich die eigenen Probleme nicht nur mit Freunden oder Familienmitgliedern zu besprechen, sondern sich auch an einen externen Experten f\u00fcr Probleml\u00f6sungen zu wenden.<\/p>\n<p style=\"text-align: justify;\">Mit dem Coaching: &#8222;Kummer-Nummer&#8220; erhalten Sie 1 Stunde pers\u00f6nliches Telefoncoaching oder Videocoaching, um Ihre ganz pers\u00f6nlichen Probleme zu besprechen und passende L\u00f6sungen zu finden.<\/p>\n<p style=\"text-align: justify;\">Das Telefoncoaching oder Videocoaching kann rasch und unkompliziert gebucht werden. Das Coaching mit Bewerbungs- und Karrierecoach Andrea Jindra findet \u00fcber Telefon oder auf Wunsch auch als Videocoaching statt.<\/p>\n<h2 style=\"text-align: justify;\">Buchungsablauf:<\/h2>\n<p style=\"text-align: justify;\">Um das Coaching zu buchen, w\u00e4hlen Sie im Buchungskalender einen f\u00fcr Sie passenden Termin aus. Bitte teilen Sie auch bei der Buchung im Kommentarfeld mit, ob Sie ein Telefoncoaching in Anspruch nehmen wollen, in diesem Fall geben Sie bitte auch noch Ihre Telefonnummer im Kommentarfeld an, oder ob Sie ein Videocoaching durchf\u00fchren wollen. Bei der Wahl des Videocoachings erhalten Sie kurz vor dem Coachingtermin ein E-Mail mit einem Link zum Online Meeting.<\/p>\n<p style=\"text-align: justify;\">Unmittelbar nach der Buchung erhalten Sie auch automatisch eine Buchungsbest\u00e4tigung und Rechnung per E-Mail zugeschickt. Das Coaching ist vor dem vereinbarten Termin zu bezahlen. Sie k\u00f6nnen entweder via PayPal oder per Bank\u00fcberweisung bezahlen. Bitte beachten Sie bei der Bank\u00fcberweisung, dass der Rechnungsbetrag vor dem Coachingtermin auf unserem Bankkonto eingegangen sein muss, damit das Coaching durchgef\u00fchrt werden kann.<\/p>\n<p style=\"text-align: justify;\">Zum vereinbarten Termin erhalten Sie dann entweder einen Anruf, unter der von Ihnen bei der Buchung genannten Telefonnummer oder den Link f\u00fcr das Videotelefonat. Achten Sie darauf, dass Sie in dieser Stunde ungest\u00f6rt sprechen k\u00f6nnen.<\/p>\n","protected":false},"excerpt":{"rendered":"<p>1 Stunde (60 Minuten) Telefon-Coaching oder Videocoaching\u00a0 mit Bewerbungs- und Karrierecoach Andrea Jindra. Im Coaching haben Sie die M\u00f6glichkeit Ihre Probleme mit einer fachkundigen externen Expertin zu besprechen.<\/p>\n","protected":false},"featured_media":783,"template":"","meta":[],"product_brand":[],"product_cat":[56],"product_tag":[],"class_list":{"0":"post-782","1":"product","2":"type-product","3":"status-publish","4":"has-post-thumbnail","6":"product_cat-online-coaching","8":"first","9":"instock","10":"virtual","11":"taxable","12":"purchasable","13":"product-type-simple"},"_links":{"self":[{"href":"https:\/\/www.coach-in-wien.at\/shop\/wp-json\/wp\/v2\/product\/782","targetHints":{"allow":["GET"]}}],"collection":[{"href":"https:\/\/www.coach-in-wien.at\/shop\/wp-json\/wp\/v2\/product"}],"about":[{"href":"https:\/\/www.coach-in-wien.at\/shop\/wp-json\/wp\/v2\/types\/product"}],"wp:featuredmedia":[{"embeddable":true,"href":"https:\/\/www.coach-in-wien.at\/shop\/wp-json\/wp\/v2\/media\/783"}],"wp:attachment":[{"href":"https:\/\/www.coach-in-wien.at\/shop\/wp-json\/wp\/v2\/media?parent=782"}],"wp:term":[{"taxonomy":"product_brand","embeddable":true,"href":"https:\/\/www.coach-in-wien.at\/shop\/wp-json\/wp\/v2\/product_brand?post=782"},{"taxonomy":"product_cat","embeddable":true,"href":"https:\/\/www.coach-in-wien.at\/shop\/wp-json\/wp\/v2\/product_cat?post=782"},{"taxonomy":"product_tag","embeddable":true,"href":"https:\/\/www.coach-in-wien.at\/shop\/wp-json\/wp\/v2\/product_tag?post=782"}],"curies":[{"name":"wp","href":"https:\/\/api.w.org\/{rel}","templated":true}]}}