{"id":671,"date":"2020-09-22T12:35:39","date_gmt":"2020-09-22T12:35:39","guid":{"rendered":"https:\/\/www.coach-in-wien.at\/shop\/?post_type=product&#038;p=671"},"modified":"2024-01-02T10:14:21","modified_gmt":"2024-01-02T09:14:21","slug":"videobewerbung-ueben-die-generalprobe","status":"publish","type":"product","link":"https:\/\/www.coach-in-wien.at\/shop\/produkt\/videobewerbung-ueben-die-generalprobe\/","title":{"rendered":"Videobewerbung \u00fcben &#8211; Die Generalprobe 1h"},"content":{"rendered":"<p style=\"text-align: justify;\">Derzeit werden viele Bewerbungsgespr\u00e4che nicht pers\u00f6nlich im Unternehmen durchgef\u00fchrt, sondern \u00fcber eine Videokonferenz. Der Grund liegt darin, dass zahlreiche Recruiter derzeit im Homeoffice arbeiten oder es sollen schlichtweg aus Sicherheitsgr\u00fcnden die Anzahl der Kontakte zu Externen reduziert werden.<\/p>\n<p style=\"text-align: justify;\">Der Ablauf des virtuellen Bewerbungsgespr\u00e4ches ist durchaus dem pers\u00f6nlichen Zusammentreffen \u00e4hnlich. Trotzdem verursacht die ungewohnte Situation bei zahlreichen BewerberInnen Unsicherheit.<\/p>\n<p style=\"text-align: justify;\">Die gute Nachricht: Das virtuelle Bewerbungsgespr\u00e4ch l\u00e4sst sich sehr gut \u00fcben. Bewerbungs- und Karrierecoach Andrea Jindra bietet Ihnen die \u201eGeneralprobe\u201c, damit das echte virtuelle Bewerbungsgespr\u00e4ch in Folge dann schon fast wieder Routine ist.<\/p>\n<h3 style=\"text-align: justify;\">Wie ist der Ablauf des Coachings?<\/h3>\n<p style=\"text-align: justify;\">F\u00fcr das Coaching ist ein Zeitausma\u00df von 1 Stunde eingeplant, davon 15 Minuten f\u00fcr die Vorbereitung auf den Termin durch Sichtung der von Ihnen zur Verf\u00fcgung gestellten Unterlagen durch den Coach (idealerweise senden Sie vorab folgende Unterlagen: Stelleninserat, Lebenslauf, Bewerbungsschreiben) und 45 Minuten f\u00fcr die &#8222;Generalprobe des virtuellen Bewerbungsgespr\u00e4chs&#8220; sowie einer anschlie\u00dfenden Feedbackphase.<\/p>\n<p style=\"text-align: justify;\">Um das Coaching zu buchen, w\u00e4hlen Sie im Buchungskalender einen f\u00fcr Sie passenden Termin aus. Bitte teilen Sie auch bei der Buchung im Kommentarfeld mit, ob Sie ein Telefoncoaching in Anspruch nehmen wollen, in diesem Fall geben Sie bitte auch noch Ihre Telefonnummer im Kommentarfeld an, oder ob Sie ein Videocoaching durchf\u00fchren wollen. Bei der Wahl des Videocoachings erhalten Sie kurz vor dem Coachingtermin ein E-Mail mit einem Link zum Online Meeting.<\/p>\n<p style=\"text-align: justify;\">Unmittelbar nach der Buchung erhalten Sie auch automatisch eine Buchungsbest\u00e4tigung und Rechnung per E-Mail zugeschickt. Das Coaching ist vor dem vereinbarten Termin zu bezahlen. Sie k\u00f6nnen entweder via PayPal oder per Bank\u00fcberweisung bezahlen. Bitte beachten Sie bei der Bank\u00fcberweisung, dass der Rechnungsbetrag vor dem Coachingtermin auf unserem Bankkonto eingegangen sein muss, damit das Coaching durchgef\u00fchrt werden kann.<\/p>\n<p style=\"text-align: justify;\">Zum vereinbarten Termin erhalten Sie dann entweder einen Anruf, unter der von Ihnen bei der Buchung genannten Telefonnummer oder den Link f\u00fcr das Videotelefonat. Achten Sie darauf, dass Sie in diesen 45 Minuten ungest\u00f6rt sprechen k\u00f6nnen.<\/p>\n","protected":false},"excerpt":{"rendered":"<p>Sie stehen kurz vor Ihrer ersten Videobewerbung und wollen diese neue Situation \u00fcben. Das einst\u00fcndige Videocoaching bietet Ihnen daf\u00fcr die Generalprobe.<\/p>\n","protected":false},"featured_media":685,"template":"","meta":[],"product_brand":[],"product_cat":[56],"product_tag":[],"class_list":{"0":"post-671","1":"product","2":"type-product","3":"status-publish","4":"has-post-thumbnail","6":"product_cat-online-coaching","8":"first","9":"instock","10":"virtual","11":"taxable","12":"purchasable","13":"product-type-simple"},"_links":{"self":[{"href":"https:\/\/www.coach-in-wien.at\/shop\/wp-json\/wp\/v2\/product\/671","targetHints":{"allow":["GET"]}}],"collection":[{"href":"https:\/\/www.coach-in-wien.at\/shop\/wp-json\/wp\/v2\/product"}],"about":[{"href":"https:\/\/www.coach-in-wien.at\/shop\/wp-json\/wp\/v2\/types\/product"}],"wp:featuredmedia":[{"embeddable":true,"href":"https:\/\/www.coach-in-wien.at\/shop\/wp-json\/wp\/v2\/media\/685"}],"wp:attachment":[{"href":"https:\/\/www.coach-in-wien.at\/shop\/wp-json\/wp\/v2\/media?parent=671"}],"wp:term":[{"taxonomy":"product_brand","embeddable":true,"href":"https:\/\/www.coach-in-wien.at\/shop\/wp-json\/wp\/v2\/product_brand?post=671"},{"taxonomy":"product_cat","embeddable":true,"href":"https:\/\/www.coach-in-wien.at\/shop\/wp-json\/wp\/v2\/product_cat?post=671"},{"taxonomy":"product_tag","embeddable":true,"href":"https:\/\/www.coach-in-wien.at\/shop\/wp-json\/wp\/v2\/product_tag?post=671"}],"curies":[{"name":"wp","href":"https:\/\/api.w.org\/{rel}","templated":true}]}}