{"id":669,"date":"2020-09-22T12:32:31","date_gmt":"2020-09-22T12:32:31","guid":{"rendered":"https:\/\/www.coach-in-wien.at\/shop\/?post_type=product&#038;p=669"},"modified":"2024-01-02T10:13:57","modified_gmt":"2024-01-02T09:13:57","slug":"der-bewerbungsunterlagen-check","status":"publish","type":"product","link":"https:\/\/www.coach-in-wien.at\/shop\/produkt\/der-bewerbungsunterlagen-check\/","title":{"rendered":"Der Bewerbungsunterlagen-Check 1h"},"content":{"rendered":"<p style=\"text-align: justify;\"><strong>Ihre Bewerbungsunterlagen werden vom Bewerbungscoach unter die Lupe genommen und Sie erhalten konstruktive Optimierungsvorschl\u00e4ge.<\/strong><\/p>\n<h3 style=\"text-align: justify;\">Warum ein Bewerbungsunterlagen-Check?<\/h3>\n<p style=\"text-align: justify;\">Oftmals fehlt im Bewerbungsprozess ein unabh\u00e4ngiges konstruktives Feedback von Experten \u00fcber die bestehenden Bewerbungsunterlagen. Unternehmen verwehren ein ehrliches Feedback, entweder als Vorsichtsma\u00dfnahme vor Klagen frustrierter Bewerber oder lediglich aus Zeitmangel. Zahlreiche Bewerber f\u00fchlen sich daher verunsichert und k\u00f6nnen selber nicht einsch\u00e4tzen, ob die Unterlagen in der verwendeten Form passen oder, ob diese optimiert werden sollten.<\/p>\n<h3 style=\"text-align: justify;\">F\u00fcr wen ist der Bewerbungsunterlagen-Check?<\/h3>\n<p style=\"text-align: justify;\">Wenn Sie unsicher sind, ob Ihre Bewerbungsunterlagen passen und einen fundierten Expertenrat w\u00fcnschen, dann lassen Sie Ihre Unterlagen im Rahmen des <strong>Bewerbungsunterlagen-Checks<\/strong> analysieren.<\/p>\n<p style=\"text-align: justify;\">Wenn in Ihrem Fachbereich nur wenige interessante Stellen ausgeschrieben werden, dann kommt es auf jede einzelne Bewerbung an. Vergeuden Sie nicht die Chance auf einen potentiellen Job, indem Sie Bewerbungsunterlagen verschicken, die nicht das Optimum herausholen!<\/p>\n<h3 style=\"text-align: justify;\">Was beinhaltet der Bewerbungsunterlagen-Check?<\/h3>\n<ul style=\"text-align: justify;\">\n<li>Die Analyse des bestehenden CVs, eines Bewerbungsschreibens sowie etwaiger zus\u00e4tzlicher Unterlagen, wie z.B. vorhandener Dienstzeugnisse.<\/li>\n<li>Sie erhalten ein ehrliches und offenes Feedback aus Expertensicht.<\/li>\n<li>Weiters erfolgt eine telefonische bzw. online Besprechung der Analyseergebnisse und von Optimierungsm\u00f6glichkeiten.<\/li>\n<\/ul>\n<h3 style=\"text-align: justify;\"><\/h3>\n<h3 style=\"text-align: justify;\">Wie ist der Ablauf des Bewerbungsunterlagen-Checks?<\/h3>\n<p style=\"text-align: justify;\">F\u00fcr den Check ist ein Zeitausma\u00df von 1 Stunde eingeplant, davon 15 Minuten f\u00fcr die Analyse der Unterlagen durch den Coach im Rahmen der Vorbereitung und 45 Minuten f\u00fcr die telefonische Besprechung bzw. Videocoaching mit den Analyseergebnissen und Optimierungsvorschl\u00e4gen.<\/p>\n<h3 style=\"text-align: justify;\">Buchungsablauf:<\/h3>\n<p style=\"text-align: justify;\">Um das Coaching zu buchen, w\u00e4hlen Sie im Buchungskalender einen f\u00fcr Sie passenden Termin aus. Bitte teilen Sie auch bei der Buchung im Kommentarfeld mit, ob Sie ein Telefoncoaching in Anspruch nehmen wollen, in diesem Fall geben Sie bitte auch noch Ihre Telefonnummer im Kommentarfeld an, oder ob Sie ein Videocoaching durchf\u00fchren wollen. Bei der Wahl des Videocoachings erhalten Sie kurz vor dem Coachingtermin ein E-Mail mit einem Link zum Online Meeting.<\/p>\n<p style=\"text-align: justify;\">Unmittelbar nach der Buchung erhalten Sie auch automatisch eine Buchungsbest\u00e4tigung und Rechnung per E-Mail zugeschickt. Das Coaching ist vor dem vereinbarten Termin zu bezahlen. Sie k\u00f6nnen entweder via PayPal oder per Bank\u00fcberweisung bezahlen. Bitte beachten Sie bei der Bank\u00fcberweisung, dass der Rechnungsbetrag vor dem Coachingtermin auf unserem Bankkonto eingegangen sein muss, damit das Coaching durchgef\u00fchrt werden kann.<\/p>\n<p style=\"text-align: justify;\">Bitte senden Sie auch rechtzeitig vor dem Coaching Ihre aktuellen Bewerbungsunterlagen per E-Mail zu, damit diese vor dem Coaching noch analysiert und erste \u00dcberlegungen zur Optimierung erstellt werden k\u00f6nnen. Die Analyse muss vor dem Coaching stattfinden und ist mit 15 Minuten eingeplant.<\/p>\n<p style=\"text-align: justify;\">Zum vereinbarten Termin erhalten Sie dann entweder einen Anruf, unter der von Ihnen bei der Buchung genannten Telefonnummer oder den Link f\u00fcr das Videotelefonat. Achten Sie darauf, dass Sie in diesen 45 Minuten ungest\u00f6rt sprechen k\u00f6nnen.<\/p>\n","protected":false},"excerpt":{"rendered":"<p>Ihre Bewerbungsunterlagen werden vom Bewerbungscoach unter die Lupe genommen und Sie erhalten konstruktive Optimierungsvorschl\u00e4ge.<\/p>\n","protected":false},"featured_media":683,"template":"","meta":[],"product_brand":[],"product_cat":[56],"product_tag":[],"class_list":{"0":"post-669","1":"product","2":"type-product","3":"status-publish","4":"has-post-thumbnail","6":"product_cat-online-coaching","8":"first","9":"instock","10":"virtual","11":"taxable","12":"purchasable","13":"product-type-simple"},"_links":{"self":[{"href":"https:\/\/www.coach-in-wien.at\/shop\/wp-json\/wp\/v2\/product\/669","targetHints":{"allow":["GET"]}}],"collection":[{"href":"https:\/\/www.coach-in-wien.at\/shop\/wp-json\/wp\/v2\/product"}],"about":[{"href":"https:\/\/www.coach-in-wien.at\/shop\/wp-json\/wp\/v2\/types\/product"}],"wp:featuredmedia":[{"embeddable":true,"href":"https:\/\/www.coach-in-wien.at\/shop\/wp-json\/wp\/v2\/media\/683"}],"wp:attachment":[{"href":"https:\/\/www.coach-in-wien.at\/shop\/wp-json\/wp\/v2\/media?parent=669"}],"wp:term":[{"taxonomy":"product_brand","embeddable":true,"href":"https:\/\/www.coach-in-wien.at\/shop\/wp-json\/wp\/v2\/product_brand?post=669"},{"taxonomy":"product_cat","embeddable":true,"href":"https:\/\/www.coach-in-wien.at\/shop\/wp-json\/wp\/v2\/product_cat?post=669"},{"taxonomy":"product_tag","embeddable":true,"href":"https:\/\/www.coach-in-wien.at\/shop\/wp-json\/wp\/v2\/product_tag?post=669"}],"curies":[{"name":"wp","href":"https:\/\/api.w.org\/{rel}","templated":true}]}}